{"id":175,"date":"2023-11-21T14:07:14","date_gmt":"2023-11-21T13:07:14","guid":{"rendered":"https:\/\/isec2023.umh.es\/?page_id=175"},"modified":"2023-11-21T14:14:56","modified_gmt":"2023-11-21T13:14:56","slug":"reconocimiento-0-5-creditos-ects","status":"publish","type":"page","link":"https:\/\/isec2023.umh.es\/ca\/reconocimiento-0-5-creditos-ects\/","title":{"rendered":"REcoeixement de 0.5 cr\u00e8dits ECTS"},"content":{"rendered":"<p>Els assistents rebran al correu electr\u00f2nic un certificat signat digitalment pel director de la C\u00e0tedra Demesol d&#8217;Energia Solar Fotovoltaica: Sergio Valero.<\/p>\n<p>Per al reconeixement de \u00a00,5 cr\u00e8dits per compet\u00e8ncies transversals i professionals\u00a0als estudiants de t\u00edtols de Grau; tal com estableix la Normativa de Reconeixement de Compet\u00e8ncies Transversals i Professionals de la UMH (aprovada pel Consell de Govern de 27 de juny de 2012), a l&#8217;article 4.8. hauran de:<\/p>\n<ul>\n<li>Emplenar una <a href=\"https:\/\/smca.umh.es\/files\/2021\/11\/Instancia-generalEspa%C3%B1ol_2021.pdf\">inst\u00e0ncia general<\/a> sol\u00b7licitant la convalidaci\u00f3 dels cr\u00e8dits com aqu<a href=\"https:\/\/drive.google.com\/file\/d\/1_YGVOCkmomW92ohlkQPq1pmb-AKNcAg2\/view?usp=sharing\">esta\u00a0<\/a><br \/>\nEnviar aquesta inst\u00e0ncia, juntament amb el dni i el certificat d&#8217;assist\u00e8ncia amb la signatura digital del director a trav\u00e9s de <a href=\"https:\/\/sede.umh.es\/procedimientos\/instancia-general\/\">SEU UMH<\/a><\/li>\n<\/ul>\n<p>Per a qualsevol aclariment us podeu posar en contacte amb: Alicia Sagasta Agull\u00f3 del Servei de Gesti\u00f3 d&#8217;Estudis de la Universitat Miguel Hern\u00e1ndez d&#8217;Elx. Tel\u00e8fon: 966658678<\/p>","protected":false},"excerpt":{"rendered":"<p>Els assistents rebran al correu electr\u00f2nic un certificat signat digitalment pel director de la C\u00e0tedra Demesol d&#8217;Energia Solar Fotovoltaica: Sergio Valero.<br \/>\nPer al reconeixement de \u00a00,5 cr\u00e8dits per compet\u00e8ncies transversals i professionals\u00a0als estudiants de t\u00edtols de Grau; tal com estableix la Normativa de Reconeixement de Compet\u00e8ncies Transversals i Professionals de la UMH (aprovada pel Consell de [&#8230;]<\/p>\n","protected":false},"author":730,"featured_media":0,"parent":0,"menu_order":90,"comment_status":"closed","ping_status":"closed","template":"","meta":{"_links_to":"","_links_to_target":""},"_links":{"self":[{"href":"https:\/\/isec2023.umh.es\/ca\/wp-json\/wp\/v2\/pages\/175"}],"collection":[{"href":"https:\/\/isec2023.umh.es\/ca\/wp-json\/wp\/v2\/pages"}],"about":[{"href":"https:\/\/isec2023.umh.es\/ca\/wp-json\/wp\/v2\/types\/page"}],"author":[{"embeddable":true,"href":"https:\/\/isec2023.umh.es\/ca\/wp-json\/wp\/v2\/users\/730"}],"replies":[{"embeddable":true,"href":"https:\/\/isec2023.umh.es\/ca\/wp-json\/wp\/v2\/comments?post=175"}],"version-history":[{"count":0,"href":"https:\/\/isec2023.umh.es\/ca\/wp-json\/wp\/v2\/pages\/175\/revisions"}],"wp:attachment":[{"href":"https:\/\/isec2023.umh.es\/ca\/wp-json\/wp\/v2\/media?parent=175"}],"curies":[{"name":"wp","href":"https:\/\/api.w.org\/{rel}","templated":true}]}}