{"id":29,"date":"2023-09-18T16:40:20","date_gmt":"2023-09-18T14:40:20","guid":{"rendered":"https:\/\/isec2023.umh.es\/?page_id=29"},"modified":"2023-11-27T13:52:39","modified_gmt":"2023-11-27T12:52:39","slug":"sponsors","status":"publish","type":"page","link":"https:\/\/isec2023.umh.es\/ca\/sponsors\/","title":{"rendered":"<span lang=\"es\">(Espa\u00f1ol) Sponsors<\/span>"},"content":{"rendered":"<p><img loading=\"lazy\" class=\"alignnone size-medium wp-image-31\" src=\"https:\/\/isec2023.umh.es\/files\/2023\/09\/logo-gva-pequeno-300x126.png\" alt=\"\" width=\"300\" height=\"126\" srcset=\"https:\/\/isec2023.umh.es\/files\/2023\/09\/logo-gva-pequeno-300x126.png 300w, https:\/\/isec2023.umh.es\/files\/2023\/09\/logo-gva-pequeno-768x322.png 768w, https:\/\/isec2023.umh.es\/files\/2023\/09\/logo-gva-pequeno.png 1010w\" sizes=\"(max-width: 300px) 100vw, 300px\" \/><\/p>\n<h3>AQUESTA CONFER\u00c8NCIA HA ESTAT SUBVENCIONADA PERLA CONSELLERIA DE INNOVACI\u00d3N, UNIVERSIDADES, CIENCIA Y SOCIEDAD DIGITAL DE LA\u00a0GENERALITAT VALENCIANA.<\/h3>\n<h3>SUBVENCIONS PER A L&#8217;ORGANITZACI\u00d3 I DIFUSI\u00d3 DE CONGRESSOS, JORNADES I REUNIONS CIENT\u00cdFIQUES, TECNOL\u00d2GIQUES, HUMAN\u00cdSTIQUES O ART\u00cdSTIQUES DE CAR\u00c0CTER INTERNACIONAL (CIAORG2022\/24).<\/h3>\n<p>&nbsp;<\/p>\n<p>La jornada ha sigut cofinanciada per:<\/p>\n<p><a href=\"https:\/\/www.demesol.com\/\"><img loading=\"lazy\" class=\"alignnone size-full wp-image-58\" src=\"https:\/\/isec2023.umh.es\/files\/2023\/09\/demesol.jpg\" alt=\"\" width=\"180\" height=\"180\" srcset=\"https:\/\/isec2023.umh.es\/files\/2023\/09\/demesol.jpg 180w, https:\/\/isec2023.umh.es\/files\/2023\/09\/demesol-150x150.jpg 150w\" sizes=\"(max-width: 180px) 100vw, 180px\" \/><\/a><\/p>","protected":false},"excerpt":{"rendered":"<p>AQUESTA CONFER\u00c8NCIA HA ESTAT SUBVENCIONADA PERLA CONSELLERIA DE INNOVACI\u00d3N, UNIVERSIDADES, CIENCIA Y SOCIEDAD DIGITAL DE LA\u00a0GENERALITAT VALENCIANA.<br \/>\nSUBVENCIONS PER A L&#8217;ORGANITZACI\u00d3 I DIFUSI\u00d3 DE CONGRESSOS, JORNADES I REUNIONS CIENT\u00cdFIQUES, TECNOL\u00d2GIQUES, HUMAN\u00cdSTIQUES O ART\u00cdSTIQUES DE CAR\u00c0CTER INTERNACIONAL (CIAORG2022\/24).<br \/>\n&nbsp;<br \/>\nLa jornada ha sigut cofinanciada per:<\/p>\n","protected":false},"author":730,"featured_media":0,"parent":0,"menu_order":10,"comment_status":"closed","ping_status":"closed","template":"","meta":{"_links_to":"","_links_to_target":""},"_links":{"self":[{"href":"https:\/\/isec2023.umh.es\/ca\/wp-json\/wp\/v2\/pages\/29"}],"collection":[{"href":"https:\/\/isec2023.umh.es\/ca\/wp-json\/wp\/v2\/pages"}],"about":[{"href":"https:\/\/isec2023.umh.es\/ca\/wp-json\/wp\/v2\/types\/page"}],"author":[{"embeddable":true,"href":"https:\/\/isec2023.umh.es\/ca\/wp-json\/wp\/v2\/users\/730"}],"replies":[{"embeddable":true,"href":"https:\/\/isec2023.umh.es\/ca\/wp-json\/wp\/v2\/comments?post=29"}],"version-history":[{"count":0,"href":"https:\/\/isec2023.umh.es\/ca\/wp-json\/wp\/v2\/pages\/29\/revisions"}],"wp:attachment":[{"href":"https:\/\/isec2023.umh.es\/ca\/wp-json\/wp\/v2\/media?parent=29"}],"curies":[{"name":"wp","href":"https:\/\/api.w.org\/{rel}","templated":true}]}}