{"id":41,"date":"2023-08-18T16:57:30","date_gmt":"2023-08-18T14:57:30","guid":{"rendered":"https:\/\/isec2023.umh.es\/?page_id=41"},"modified":"2024-05-23T14:15:16","modified_gmt":"2024-05-23T12:15:16","slug":"valencia-programa","status":"publish","type":"page","link":"https:\/\/isec2023.umh.es\/ca\/valencia-programa\/","title":{"rendered":"Programa"},"content":{"rendered":"<p><a href=\"https:\/\/docs.google.com\/forms\/d\/e\/1FAIpQLSfBH4CSJM2uxfV5QA-YkvZZaT7X3JW86DcebFQ6c497rfzYlQ\/viewform\">9:00 Registre<\/a><\/p>\n<p>9:15- Presentaci\u00f3n<\/p>\n<p><a href=\"https:\/\/drive.google.com\/file\/d\/1y9hCPkGgH8Ahh51LyKex128TE3A4ZsQy\/view?usp=drive_link\">9:30 <\/a><a href=\"https:\/\/drive.google.com\/file\/d\/1IfoECIB-BJM2EYMKmWx0e-cOVeE_sTgX\/view?usp=drive_link\">PVGIS, com a ferramenta d` ajuda per al diseny d\u00b4 instalacions fotovoltaiques<\/a><a href=\"https:\/\/drive.google.com\/file\/d\/1y9hCPkGgH8Ahh51LyKex128TE3A4ZsQy\/view?usp=drive_link\">.\u00a0<\/a><a href=\"https:\/\/drive.google.com\/file\/d\/1pXSX4b_NyQTmir7OivSy0iFT6llKQVQH\/view?usp=sharing\">Sergio Valero Verd\u00fa. UMH<\/a><\/p>\n<p><a href=\"https:\/\/drive.google.com\/file\/d\/1my8zPfThbKGluNwoPg58nf6aS_H4SbOZ\/view?usp=sharing\">PDF presentaci\u00f3<\/a>\u00a0 \u00a0 \u00a0 \u00a0 \u00a0 \u00a0 \u00a0 \u00a0 \u00a0 \u00a0 \u00a0 \u00a0 \u00a0 \u00a0 \u00a0 \u00a0 \u00a0<a href=\"https:\/\/drive.google.com\/file\/d\/1wq41fS1oGtJv1s9nfq-AH5YSXIjFbm87\/view?usp=sharing\">V\u00eddeo<\/a><\/p>\n<p>10:00 <a href=\"https:\/\/drive.google.com\/file\/d\/1qhiBLtr0eProRfThER5oG6rJ5nm5P3Ov\/view?usp=sharing\">C\u00f3mo evolucionar\u00e1 la tecnolog\u00eda de los m\u00f3dulos fotovoltaicos en los pr\u00f3ximos a\u00f1os.<\/a> <a href=\"https:\/\/drive.google.com\/file\/d\/1bPyO0PDzBOGVlI0P6DpkLbeygXDz_Vks\/view?usp=sharing\">Jean Francois. AMARA NZero<\/a><\/p>\n<p><a href=\"https:\/\/drive.google.com\/file\/d\/1snxH-eGxQBfnBPkc87wrIvWmpvaEDF_K\/view?usp=sharing\">PDF presentaci\u00f3<\/a>\u00a0 \u00a0 \u00a0 \u00a0 \u00a0 \u00a0 \u00a0 \u00a0 \u00a0 \u00a0 \u00a0 \u00a0 \u00a0 \u00a0 \u00a0 \u00a0\u00a0<a href=\"https:\/\/drive.google.com\/file\/d\/1mPb2dlOgY94W1VH4BMDMoJoqTlOt1Mlp\/view?usp=sharing\">V\u00eddeo<\/a><\/p>\n<p>10:30- <a href=\"https:\/\/drive.google.com\/file\/d\/1vfPCm5q48EHAFo6pJFpb7gJUPlw8crzM\/view?usp=sharing\">Instalaciones agrovoltaicas en el campo de Elche. <\/a><a href=\"https:\/\/drive.google.com\/file\/d\/1VffZI8tS0ja1cHLsncnCc8IClE6DpJCk\/view?usp=sharing\">Demetrio L\u00f3pez S\u00e1nchez. <\/a>Demesol\/UMH<\/p>\n<p><a href=\"https:\/\/drive.google.com\/file\/d\/1Xht97OiHg6uMYCPyzIMbhrh41Mq5D_06\/view?usp=sharing\">PDF presentaci\u00f3n\u00a0 \u00a0<\/a>\u00a0 \u00a0 \u00a0 \u00a0 \u00a0 \u00a0 \u00a0 \u00a0 \u00a0 \u00a0 \u00a0 \u00a0 \u00a0 \u00a0 <a href=\"https:\/\/drive.google.com\/file\/d\/1PzpXJAhZLGQIt24YSFTrg4wftHkgWuwt\/view?usp=sharing\">V\u00eddeo<\/a><\/p>\n<p><a href=\"https:\/\/drive.google.com\/file\/d\/1ckjn7WYM87RjeCp-XgbHcF5ULDnh3lyZ\/view?usp=sharing\">11:00- Cooperaci\u00f3n internacional del grupo de investigaci\u00f3n EPIC con pa\u00edses en desarrollo en el marco de los sistemas de energ\u00eda renovable.\u00a0 <\/a><a href=\"https:\/\/drive.google.com\/file\/d\/1vuo9dT5Y5vei5hhVs51XADuwvxZol1uO\/view?usp=drive_link\">Herminio Mart\u00ednez Garc\u00eda . UPC<\/a><\/p>\n<p><a href=\"https:\/\/drive.google.com\/file\/d\/1GgXCIyU3oDCJCdMhIlBH1cLrPIEuCDDC\/view?usp=sharing\">PDF presentaci\u00f3<\/a>\u00a0 \u00a0 \u00a0 \u00a0 \u00a0 \u00a0 \u00a0 \u00a0 \u00a0 \u00a0 \u00a0 \u00a0 \u00a0 \u00a0 \u00a0\u00a0<a href=\"https:\/\/drive.google.com\/file\/d\/1UmmilBKBV8rLhbfRgfnh9AofhnBZAZPk\/view?usp=sharing\">V\u00eddeo<\/a><\/p>\n<p>11:30 Caf\u00e9<\/p>\n<p>12:00 <a href=\"https:\/\/drive.google.com\/file\/d\/1y9hCPkGgH8Ahh51LyKex128TE3A4ZsQy\/view?usp=drive_link\">Redes Reconfigurables Conectadas de sistemas fotovoltaicos.\u00a0<\/a> <a href=\"https:\/\/drive.google.com\/file\/d\/1SXa4W1bOm22J01m2NNMuRb4dZmwIBrVx\/view?usp=sharing\">Guillermo Velasco Quesada. UPC<\/a><\/p>\n<p><a href=\"https:\/\/drive.google.com\/file\/d\/1ri_4oZgtU5DpSg936vQPfITvseIw3Nmg\/view?usp=sharing\">PDF presentaci\u00f3<\/a>\u00a0 \u00a0 \u00a0 \u00a0 \u00a0 \u00a0 \u00a0 \u00a0 \u00a0 \u00a0 \u00a0 \u00a0 \u00a0 \u00a0 \u00a0 \u00a0 \u00a0 \u00a0\u00a0<a href=\"https:\/\/drive.google.com\/file\/d\/1EyI2D3Dg86Uf6ypplOqTsM1AJDrfuvq2\/view?usp=sharing\">V\u00eddeo<\/a><\/p>\n<p>12:30 <a href=\"https:\/\/drive.google.com\/file\/d\/1TrMU8jkfEokDzjCWGqt8e9bkS1uwXyI6\/view?usp=sharing\">\u00a0Comunidades Energ\u00e9ticas<\/a>. <a href=\"https:\/\/drive.google.com\/file\/d\/1q0izs3cu3Tdlt1rnfc3RFux3LM6rmnPy\/view?usp=sharing\">Alberto Mart\u00ednez Sentana. College of Technical Engineers of Alicante<\/a><\/p>\n<p><a href=\"https:\/\/drive.google.com\/file\/d\/1MDbl-euw55MfrD8LDhdO5l-SOpfnEAeT\/view?usp=sharing\">PDF presentaci\u00f3<\/a>\u00a0 \u00a0 \u00a0 \u00a0 \u00a0 \u00a0 \u00a0 \u00a0 \u00a0 \u00a0 \u00a0 \u00a0 \u00a0 \u00a0 \u00a0 \u00a0 \u00a0\u00a0<a href=\"https:\/\/drive.google.com\/file\/d\/1Lp2_CzndXFefZuZsykilB8MXZ_iKwlTD\/view?usp=sharing\">V\u00eddeo<\/a><\/p>\n<p>13:00 <a href=\"https:\/\/drive.google.com\/file\/d\/1W_4kyQoHyHQulXIsB_W5F0UkE3WYjziN\/view?usp=sharing\">Oportunidades de financiaci\u00f3n de la UE para I+i en energ\u00eda solar<\/a>. <a href=\"https:\/\/drive.google.com\/file\/d\/1fR7_Ed5QrIMXNe5zQwwKA48z7Mgmuzi5\/view?usp=sharing\">Oscar Salazar Torres.<\/a><a href=\"https:\/\/euro-funding.com\/es\/\"> Euro-Fundlng<\/a><\/p>\n<p><a href=\"https:\/\/drive.google.com\/file\/d\/1VwjzmRbkmC7Zlrae5FxS5mb4Fl271zAH\/view?usp=sharing\">PDF presentaci\u00f3<\/a>\u00a0 \u00a0 \u00a0 \u00a0 \u00a0 \u00a0 \u00a0 \u00a0 \u00a0 \u00a0 \u00a0 \u00a0 \u00a0 \u00a0 \u00a0 \u00a0\u00a0<a href=\"https:\/\/drive.google.com\/file\/d\/1scJ4aPzV1JneXcBLJcCDLqNG0_Ds-ZiU\/view?usp=sharing\">V\u00eddeo<\/a><\/p>\n<p>13:30 <a href=\"https:\/\/drive.google.com\/file\/d\/1UhT7SKqaJvSIWXPuNo4ZgKPzeq5EC-X7\/view?usp=sharing\">Mercado <\/a><a href=\"https:\/\/drive.google.com\/file\/d\/1UhT7SKqaJvSIWXPuNo4ZgKPzeq5EC-X7\/view?usp=sharing\">de Generaci\u00f3n Distribuida, Tendencias y Desaf\u00edos Futuros<\/a>. <a href=\"https:\/\/drive.google.com\/file\/d\/1p3U1jCRZ15FF-tYi-W3gtheoDPVi-rEh\/view\">Jos\u00e9 D\u00e9ciga Gusi<\/a>. Global Smart Solar Projects. Iberdrola<\/p>\n<p><a href=\"https:\/\/drive.google.com\/file\/d\/1304D9lU0OqQ0_JcEubD1AnqPeBYz75Q_\/view?usp=sharing\">PDF presentaci\u00f3<\/a> \u00a0 \u00a0 \u00a0 \u00a0 \u00a0 \u00a0 \u00a0 \u00a0 \u00a0 \u00a0 \u00a0 \u00a0 \u00a0 \u00a0 \u00a0 \u00a0 \u00a0 <a href=\"https:\/\/drive.google.com\/file\/d\/1my1m1xiU4517v6zBGAmvp_flQh3AlJ1a\/view?usp=sharing\">V\u00eddeo<\/a><\/p>\n<p>14:00 Lunch<\/p>\n<p>16:00 <a href=\"https:\/\/drive.google.com\/file\/d\/1V0jWoaicVG-d9mmOA5E7hQkQEz_bsYeg\/view?usp=sharing\">Instalador autorizado: un jugador clave en la transici\u00f3n energ\u00e9tica.<\/a> <a href=\"https:\/\/drive.google.com\/file\/d\/1fQxazrufI72TTmmokwY4_hKfNcqDojyE\/view?usp=sharing\">Juan Abad Server. APEME<\/a><\/p>\n<p><a href=\"https:\/\/drive.google.com\/file\/d\/18EbCcDNmWBqKcL5MD30ugyv67nnBAi0t\/view?usp=sharing\">PDF presentaci\u00f3<\/a>\u00a0 \u00a0 \u00a0 \u00a0 \u00a0 \u00a0 \u00a0 \u00a0 \u00a0 \u00a0 \u00a0 \u00a0 \u00a0 \u00a0 \u00a0 \u00a0 \u00a0 \u00a0<a href=\"https:\/\/drive.google.com\/file\/d\/1bVjyOTEQyng2qUs68G6u8AlqsKd2DW6N\/view?usp=sharing\">V\u00eddeo<\/a><\/p>\n<p>16:30. <a href=\"https:\/\/drive.google.com\/file\/d\/1PjM8iivBh8-ErhwgtjqdAxuxeqjxpe8d\/view?usp=sharing\">La transici\u00f3n a las energ\u00edas renovables de Lituania y el impacto ambiental de KTU: un proyecto de energ\u00eda solar y geot\u00e9rmica<b>. <\/b>Darius Andriukaitis<\/a>. KTU Lituania<\/p>\n<p><a href=\"https:\/\/drive.google.com\/file\/d\/1NGhysWND881a0dRzCOrv7HtYplOQH7Is\/view?usp=sharing\">PDF presentaci\u00f3<\/a> \u00a0 \u00a0 \u00a0 \u00a0 \u00a0 \u00a0 \u00a0 \u00a0 \u00a0 \u00a0 \u00a0 \u00a0 \u00a0 \u00a0 \u00a0 \u00a0 \u00a0 <a href=\"https:\/\/drive.google.com\/file\/d\/1Z8SfCS-ydz8zGZ8Wl9alKzU5NjN-LP6I\/view?usp=sharing\">V\u00eddeo<\/a><\/p>\n<p>17:00 <a href=\"https:\/\/drive.google.com\/file\/d\/1OEcfpyyTraYWWJT0nGxfUCEqJ69Zmo3y\/view?usp=sharing\">Modelado y seguimiento de sistemas fotovoltaicos en Comunidades Energ\u00e9ticas<\/a>. <a href=\"https:\/\/drive.google.com\/file\/d\/16yQFICyk6LW8J6fvZhzu2Dfvd7adz6qx\/view?usp=sharing\">Vicente Galiano. UMH<\/a><\/p>\n<p><a href=\"https:\/\/drive.google.com\/file\/d\/11-ESQcd8HqE_6VNDuS1pDhpgEGUG0T1C\/view?usp=sharing\">PDF presentaci\u00f3<\/a>\u00a0 \u00a0 \u00a0 \u00a0 \u00a0 \u00a0 \u00a0 \u00a0 \u00a0 \u00a0 \u00a0 \u00a0 \u00a0 \u00a0 \u00a0 \u00a0 \u00a0 \u00a0\u00a0<a href=\"https:\/\/drive.google.com\/file\/d\/1iXE_OJVuGVuK3F7RKDi-BoY3i2OjhFdD\/view?usp=sharing\">V\u00eddeo<\/a><\/p>\n<p>&nbsp;<\/p>\n<p>&nbsp;<\/p>\n<p><a href=\"https:\/\/drive.google.com\/file\/d\/1JS4nIBBBWqDlYzXO3XxqdGLaCvCqlZJS\/view?usp=sharing\">Poster de la conferencia<\/a><\/p>\n<p><a href=\"https:\/\/drive.google.com\/file\/d\/1XUhoRK-HjuLteOsu3LejPs1hflSq215Y\/view?usp=sharing\"><img loading=\"lazy\" class=\"alignnone size-medium wp-image-158\" src=\"https:\/\/isec2023.umh.es\/files\/2023\/11\/schedule-ISEC2023-212x300.jpg\" alt=\"\" width=\"212\" height=\"300\" srcset=\"https:\/\/isec2023.umh.es\/files\/2023\/11\/schedule-ISEC2023-212x300.jpg 212w, https:\/\/isec2023.umh.es\/files\/2023\/11\/schedule-ISEC2023-724x1024.jpg 724w, https:\/\/isec2023.umh.es\/files\/2023\/11\/schedule-ISEC2023-768x1086.jpg 768w, https:\/\/isec2023.umh.es\/files\/2023\/11\/schedule-ISEC2023-1086x1536.jpg 1086w, https:\/\/isec2023.umh.es\/files\/2023\/11\/schedule-ISEC2023-1448x2048.jpg 1448w, https:\/\/isec2023.umh.es\/files\/2023\/11\/schedule-ISEC2023-scaled.jpg 1810w\" sizes=\"(max-width: 212px) 100vw, 212px\" \/><\/a><\/p>\n<p>&nbsp;<\/p>\n<p>&nbsp;<\/p>\n<p><i>Patrocinat per la Conselleria d`Innovaci\u00f3, Universitats, Ci\u00e8ncia i Societat Digital de la Generalitat <\/i>(CIAORG2022\/24).<\/p>","protected":false},"excerpt":{"rendered":"<p>9:00 Registre<br \/>\n9:15- Presentaci\u00f3n<br \/>\n9:30 PVGIS, com a ferramenta d` ajuda per al diseny d\u00b4 instalacions fotovoltaiques.\u00a0Sergio Valero Verd\u00fa. UMH<br \/>\nPDF presentaci\u00f3\u00a0 \u00a0 \u00a0 \u00a0 \u00a0 \u00a0 \u00a0 \u00a0 \u00a0 \u00a0 \u00a0 \u00a0 \u00a0 \u00a0 \u00a0 \u00a0 \u00a0V\u00eddeo<br \/>\n10:00 C\u00f3mo evolucionar\u00e1 la tecnolog\u00eda de los m\u00f3dulos fotovoltaicos en los pr\u00f3ximos a\u00f1os. Jean Francois. AMARA NZero<br \/>\nPDF presentaci\u00f3\u00a0 \u00a0 \u00a0 \u00a0 [&#8230;]<\/p>\n","protected":false},"author":730,"featured_media":0,"parent":0,"menu_order":20,"comment_status":"closed","ping_status":"closed","template":"","meta":{"_links_to":"","_links_to_target":""},"_links":{"self":[{"href":"https:\/\/isec2023.umh.es\/ca\/wp-json\/wp\/v2\/pages\/41"}],"collection":[{"href":"https:\/\/isec2023.umh.es\/ca\/wp-json\/wp\/v2\/pages"}],"about":[{"href":"https:\/\/isec2023.umh.es\/ca\/wp-json\/wp\/v2\/types\/page"}],"author":[{"embeddable":true,"href":"https:\/\/isec2023.umh.es\/ca\/wp-json\/wp\/v2\/users\/730"}],"replies":[{"embeddable":true,"href":"https:\/\/isec2023.umh.es\/ca\/wp-json\/wp\/v2\/comments?post=41"}],"version-history":[{"count":0,"href":"https:\/\/isec2023.umh.es\/ca\/wp-json\/wp\/v2\/pages\/41\/revisions"}],"wp:attachment":[{"href":"https:\/\/isec2023.umh.es\/ca\/wp-json\/wp\/v2\/media?parent=41"}],"curies":[{"name":"wp","href":"https:\/\/api.w.org\/{rel}","templated":true}]}}