{"id":50,"date":"2023-09-18T19:07:00","date_gmt":"2023-09-18T17:07:00","guid":{"rendered":"https:\/\/isec2023.umh.es\/?page_id=50"},"modified":"2023-11-20T14:27:36","modified_gmt":"2023-11-20T13:27:36","slug":"presentacion","status":"publish","type":"page","link":"https:\/\/isec2023.umh.es\/ca\/presentacion\/","title":{"rendered":"Pressentaci\u00f3"},"content":{"rendered":"<p><\/p>\n<h1>Benvinguts a la Confer\u00e8ncia Internacional d\u00b4Energia Solar<\/h1>\n<h3 class=\"tw-data-text tw-text-large tw-ta\" data-placeholder=\"Traducci\u00f3n\"><span class=\"Y2IQFc\" lang=\"ca\">Divendres, 24 de novembre a les 9.00 al <\/span><a href=\"https:\/\/drive.google.com\/file\/d\/14uEBp50ySGrQbDQiTj5W1J3V68oFuW8e\/view\"><span style=\"color: #000000\">Sal\u00f3 de gradus de l`edifici Arenals <\/span><\/a><span class=\"Y2IQFc\" lang=\"ca\">de l`Universitat Miguel Hern\u00e1ndez<\/span><\/h3>\n<h2><a href=\"https:\/\/docs.google.com\/forms\/d\/e\/1FAIpQLSfBH4CSJM2uxfV5QA-YkvZZaT7X3JW86DcebFQ6c497rfzYlQ\/viewform\"><strong>REGISTRAT GRATIS<\/strong><\/a><\/h2>\n<p>Estem encantats de brindar una c\u00e0lida benvinguda a tots els assistents, entusiastes i innovadors al camp de l&#8217;energia solar a la prestigiosa Confer\u00e8ncia Internacional d&#8217;Energia Solar. Mentre ens reunim buscant un futur m\u00e9s brillant i sostenible, aquest esdeveniment promet ser un far de coneixement, col\u00b7laboraci\u00f3 i inspiraci\u00f3.<\/p>\n<h3>Il\u00b7luminant la innovaci\u00f3 solar<\/h3>\n<p>La Confer\u00e8ncia Internacional d&#8217;Energia Solar \u00e9s la seva porta d&#8217;entrada als darrers aven\u00e7os, aven\u00e7os i tend\u00e8ncies al din\u00e0mic m\u00f3n de l&#8217;energia solar.<\/p>\n<p>La nostra confer\u00e8ncia \u00e9s una plataforma \u00fanica dissenyada per facilitar l&#8217;intercanvi d&#8217;idees, fomentar associacions i mostrar el potencial incre\u00efble de la tecnologia solar.<\/p>\n<h3>Un m\u00f3n d&#8217;oportunitats us espera<\/h3>\n<p>Descobriu les oportunitats il\u00b7limitades que presenta l&#8217;energia solar per al nostre planeta i la nostra economia.<\/p>\n<p>Des de panells solars d\u00b4avantguarda fins a solucions innovadores d\u00b4emmagatzematge d\u00b4energia i m\u00e9s, la nostra confer\u00e8ncia comptar\u00e0 amb experts, l\u00edders d\u00b4opini\u00f3 i pioners de la ind\u00fastria que compartiran els seus coneixements i experi\u00e8ncies per empoderar i inspirar.<\/p>\n<h3>Per qu\u00e8 assistir-hi?<\/h3>\n<ul>\n<li>Intercanvi de coneixements: obtingueu informaci\u00f3 d&#8217;experts a l&#8217;avantguarda de la tecnologia solar.<\/li>\n<li>Establiment de contactes: connecteu-vos amb professionals, investigadors i l\u00edders de la ind\u00fastria amb idees afins.<\/li>\n<li>Sostenibilitat: apreneu com l&#8217;energia solar est\u00e0 donant forma a un futur m\u00e9s sostenible.<\/li>\n<li>Innovaci\u00f3: exploreu els \u00faltims aven\u00e7os i tecnologies emergents.<\/li>\n<li>Col\u00b7laboraci\u00f3: trobeu socis i col\u00b7laboradors potencials per als vostres projectes solars.<\/li>\n<li>Perspectiva global: comprendre el panorama internacional de lenergia solar.<\/li>\n<\/ul>\n<h3>Uniu-vos per il\u00b7luminar el futur<\/h3>\n<p>La Confer\u00e8ncia Internacional d&#8217;Energia Solar no \u00e9s nom\u00e9s una confer\u00e8ncia; \u00e9s un moviment cap a un m\u00f3n m\u00e9s net i sostenible.<\/p>\n<p>Junts podem aprofitar el poder del sol per crear un mat\u00ed m\u00e9s brillant.<\/p>\n<p>Esperem la vostra participaci\u00f3 i contribuci\u00f3 a aquest emocionant esdeveniment.<\/p>\n<p>Junts, il\u00b7luminem el cam\u00ed cap a un futur <span class=\"Y2IQFc\" lang=\"es\">impulsat prr energ\u00eda solar!<\/span><\/p>\n<p><strong>contacte: isec@umh.es<\/strong><\/p>\n<h2 id=\"tw-target-text\" class=\"tw-data-text tw-text-large tw-ta\" data-placeholder=\"Traducci\u00f3n\"><iframe  id=\"_ytid_89075\"  width=\"800\" height=\"450\"  data-origwidth=\"800\" data-origheight=\"450\" src=\"https:\/\/www.youtube.com\/embed\/YAbQirIExtg?enablejsapi=1&autoplay=0&cc_load_policy=0&cc_lang_pref=&iv_load_policy=1&loop=0&modestbranding=0&rel=1&fs=1&playsinline=0&autohide=2&theme=dark&color=red&controls=1&\" class=\"__youtube_prefs__  no-lazyload\" title=\"YouTube player\"  allow=\"accelerometer; autoplay; clipboard-write; encrypted-media; gyroscope; picture-in-picture\" allowfullscreen data-no-lazy=\"1\" data-skipgform_ajax_framebjll=\"\"><\/iframe><\/h2>\n<p>&nbsp;<\/p>\n<p>L&#8217;alumnat de la UMH que assisteixi a la confer\u00e8ncia de forma presencial obtindr\u00e0 0,5 cr\u00e8dits de lliure elecci\u00f3.<\/p>","protected":false},"excerpt":{"rendered":"<p>Benvinguts a la Confer\u00e8ncia Internacional d\u00b4Energia Solar<br \/>\nDivendres, 24 de novembre a les 9.00 al Sal\u00f3 de gradus de l`edifici Arenals de l`Universitat Miguel Hern\u00e1ndez<br \/>\nREGISTRAT GRATIS<br \/>\nEstem encantats de brindar una c\u00e0lida benvinguda a tots els assistents, entusiastes i innovadors al camp de l&#8217;energia solar a la prestigiosa Confer\u00e8ncia Internacional d&#8217;Energia Solar. Mentre ens reunim buscant un [&#8230;]<\/p>\n","protected":false},"author":730,"featured_media":0,"parent":0,"menu_order":1,"comment_status":"closed","ping_status":"closed","template":"","meta":{"_links_to":"","_links_to_target":""},"_links":{"self":[{"href":"https:\/\/isec2023.umh.es\/ca\/wp-json\/wp\/v2\/pages\/50"}],"collection":[{"href":"https:\/\/isec2023.umh.es\/ca\/wp-json\/wp\/v2\/pages"}],"about":[{"href":"https:\/\/isec2023.umh.es\/ca\/wp-json\/wp\/v2\/types\/page"}],"author":[{"embeddable":true,"href":"https:\/\/isec2023.umh.es\/ca\/wp-json\/wp\/v2\/users\/730"}],"replies":[{"embeddable":true,"href":"https:\/\/isec2023.umh.es\/ca\/wp-json\/wp\/v2\/comments?post=50"}],"version-history":[{"count":0,"href":"https:\/\/isec2023.umh.es\/ca\/wp-json\/wp\/v2\/pages\/50\/revisions"}],"wp:attachment":[{"href":"https:\/\/isec2023.umh.es\/ca\/wp-json\/wp\/v2\/media?parent=50"}],"curies":[{"name":"wp","href":"https:\/\/api.w.org\/{rel}","templated":true}]}}