{"id":89,"date":"2023-09-22T12:30:19","date_gmt":"2023-09-22T10:30:19","guid":{"rendered":"https:\/\/isec2023.umh.es\/?page_id=89"},"modified":"2023-11-14T11:31:10","modified_gmt":"2023-11-14T10:31:10","slug":"valencia-asistencia-online","status":"publish","type":"page","link":"https:\/\/isec2023.umh.es\/ca\/valencia-asistencia-online\/","title":{"rendered":"INSCRIPCI\u00d3 I ASSIST\u00c8NCIA ONLINE"},"content":{"rendered":"<p>PER ASISTIR el 24 DE NOVIEMBRE DEL 2023<\/p>\n<p>&nbsp;<\/p>\n<p><strong>REG\u00cdSTAT<\/strong> GRATIS AL FORMULARI <a href=\"https:\/\/docs.google.com\/forms\/d\/e\/1FAIpQLSfBH4CSJM2uxfV5QA-YkvZZaT7X3JW86DcebFQ6c497rfzYlQ\/viewform\">WEB<\/a><\/p>\n<p>&nbsp;<\/p>\n<p>TIPUS D\u00b4ASSITENCIA;<\/p>\n<p>DE FORMA <strong>PRESENCIAL:<\/strong> identificart abans de las 9:00 al sal\u00f3 de graduss del edifici Arenals de la UMH<\/p>\n<p><a href=\"https:\/\/comunicacion.umh.es\/files\/2017\/11\/PLANO-UMH-2017-2018.jpg\"><img loading=\"lazy\" class=\"alignnone size-medium wp-image-138\" src=\"https:\/\/isec2023.umh.es\/files\/2023\/10\/plano-campus-elche-300x212.png\" alt=\"\" width=\"300\" height=\"212\" srcset=\"https:\/\/isec2023.umh.es\/files\/2023\/10\/plano-campus-elche-300x212.png 300w, https:\/\/isec2023.umh.es\/files\/2023\/10\/plano-campus-elche-1024x723.png 1024w, https:\/\/isec2023.umh.es\/files\/2023\/10\/plano-campus-elche-768x542.png 768w, https:\/\/isec2023.umh.es\/files\/2023\/10\/plano-campus-elche-1536x1085.png 1536w, https:\/\/isec2023.umh.es\/files\/2023\/10\/plano-campus-elche-2048x1446.png 2048w\" sizes=\"(max-width: 300px) 100vw, 300px\" \/><\/a><\/p>\n<p>PARA ASSISTIR <strong>ONLINE<\/strong>: FES CLICK GRATIS AL SIGUENT <a href=\"http:\/\/meet.google.com\/gmx-kxfo-tuv\">LINK<\/a>: meet.google.com\/gmx-kxfo-tuv<\/p>\n<p>&nbsp;<\/p>\n<p>L&#8217;alumnat de la UMH que assisteixi a la confer\u00e8ncia de forma presencial obtindr\u00e0 0,5 cr\u00e8dits de lliure elecci\u00f3.<\/p>","protected":false},"excerpt":{"rendered":"<p>PER ASISTIR el 24 DE NOVIEMBRE DEL 2023<br \/>\n&nbsp;<br \/>\nREG\u00cdSTAT GRATIS AL FORMULARI WEB<br \/>\n&nbsp;<br \/>\nTIPUS D\u00b4ASSITENCIA;<br \/>\nDE FORMA PRESENCIAL: identificart abans de las 9:00 al sal\u00f3 de graduss del edifici Arenals de la UMH<\/p>\n<p>PARA ASSISTIR ONLINE: FES CLICK GRATIS AL SIGUENT LINK: meet.google.com\/gmx-kxfo-tuv<br \/>\n&nbsp;<br \/>\nL&#8217;alumnat de la UMH que assisteixi a la confer\u00e8ncia de forma presencial obtindr\u00e0 0,5 cr\u00e8dits de lliure [&#8230;]<\/p>\n","protected":false},"author":730,"featured_media":0,"parent":0,"menu_order":1,"comment_status":"closed","ping_status":"closed","template":"","meta":{"_links_to":"","_links_to_target":""},"_links":{"self":[{"href":"https:\/\/isec2023.umh.es\/ca\/wp-json\/wp\/v2\/pages\/89"}],"collection":[{"href":"https:\/\/isec2023.umh.es\/ca\/wp-json\/wp\/v2\/pages"}],"about":[{"href":"https:\/\/isec2023.umh.es\/ca\/wp-json\/wp\/v2\/types\/page"}],"author":[{"embeddable":true,"href":"https:\/\/isec2023.umh.es\/ca\/wp-json\/wp\/v2\/users\/730"}],"replies":[{"embeddable":true,"href":"https:\/\/isec2023.umh.es\/ca\/wp-json\/wp\/v2\/comments?post=89"}],"version-history":[{"count":0,"href":"https:\/\/isec2023.umh.es\/ca\/wp-json\/wp\/v2\/pages\/89\/revisions"}],"wp:attachment":[{"href":"https:\/\/isec2023.umh.es\/ca\/wp-json\/wp\/v2\/media?parent=89"}],"curies":[{"name":"wp","href":"https:\/\/api.w.org\/{rel}","templated":true}]}}